{"id":199,"date":"2023-08-25T17:00:16","date_gmt":"2023-08-25T20:00:16","guid":{"rendered":"https:\/\/memorialufc.com.br\/?page_id=199"},"modified":"2023-08-25T17:06:26","modified_gmt":"2023-08-25T20:06:26","slug":"o-memorial-da-ufc","status":"publish","type":"page","link":"https:\/\/memorialufc.com.br\/?page_id=199","title":{"rendered":"O Memorial da UFC"},"content":{"rendered":"\t\t<div data-elementor-type=\"wp-page\" data-elementor-id=\"199\" class=\"elementor elementor-199\">\n\t\t\t\t\t\t\t\t\t<section class=\"elementor-section elementor-top-section elementor-element elementor-element-63229153 elementor-reverse-tablet elementor-reverse-mobile elementor-section-boxed elementor-section-height-default elementor-section-height-default\" data-id=\"63229153\" data-element_type=\"section\">\n\t\t\t\t\t\t<div class=\"elementor-container elementor-column-gap-default\">\n\t\t\t\t\t<div class=\"elementor-column elementor-col-20 elementor-top-column elementor-element elementor-element-67986c2a\" data-id=\"67986c2a\" data-element_type=\"column\">\n\t\t\t<div class=\"elementor-widget-wrap elementor-element-populated\">\n\t\t\t\t\t\t\t\t<div class=\"elementor-element elementor-element-118beb6 elementor-widget elementor-widget-image\" data-id=\"118beb6\" data-element_type=\"widget\" data-widget_type=\"image.default\">\n\t\t\t\t<div class=\"elementor-widget-container\">\n\t\t\t<style>\/*! elementor - v3.15.0 - 20-08-2023 *\/\n.elementor-widget-image{text-align:center}.elementor-widget-image a{display:inline-block}.elementor-widget-image a img[src$=\".svg\"]{width:48px}.elementor-widget-image img{vertical-align:middle;display:inline-block}<\/style>\t\t\t\t\t\t\t\t\t\t\t\t<img decoding=\"async\" loading=\"lazy\" width=\"173\" height=\"75\" src=\"https:\/\/memorialufc.com.br\/wp-content\/uploads\/2023\/08\/Logo_Memorial_Prancheta-1-copia-1.png\" class=\"attachment-full size-full wp-image-9\" alt=\"logo memorial uf\" \/>\t\t\t\t\t\t\t\t\t\t\t\t\t\t\t<\/div>\n\t\t\t\t<\/div>\n\t\t\t\t\t<\/div>\n\t\t<\/div>\n\t\t\t\t<div class=\"elementor-column elementor-col-20 elementor-top-column elementor-element elementor-element-641d9f5c\" data-id=\"641d9f5c\" data-element_type=\"column\">\n\t\t\t<div class=\"elementor-widget-wrap elementor-element-populated\">\n\t\t\t\t\t\t\t\t<div class=\"elementor-element elementor-element-34efa56b elementor-widget elementor-widget-text-editor\" data-id=\"34efa56b\" data-element_type=\"widget\" data-widget_type=\"text-editor.default\">\n\t\t\t\t<div class=\"elementor-widget-container\">\n\t\t\t<style>\/*! elementor - v3.15.0 - 20-08-2023 *\/\n.elementor-widget-text-editor.elementor-drop-cap-view-stacked .elementor-drop-cap{background-color:#69727d;color:#fff}.elementor-widget-text-editor.elementor-drop-cap-view-framed .elementor-drop-cap{color:#69727d;border:3px solid;background-color:transparent}.elementor-widget-text-editor:not(.elementor-drop-cap-view-default) .elementor-drop-cap{margin-top:8px}.elementor-widget-text-editor:not(.elementor-drop-cap-view-default) .elementor-drop-cap-letter{width:1em;height:1em}.elementor-widget-text-editor .elementor-drop-cap{float:left;text-align:center;line-height:1;font-size:50px}.elementor-widget-text-editor .elementor-drop-cap-letter{display:inline-block}<\/style>\t\t\t\t<p><a href=\"https:\/\/memorialufc.com.br\/\">Inicio<\/a><\/p>\t\t\t\t\t\t<\/div>\n\t\t\t\t<\/div>\n\t\t\t\t\t<\/div>\n\t\t<\/div>\n\t\t\t\t<div class=\"elementor-column elementor-col-20 elementor-top-column elementor-element elementor-element-76c41442\" data-id=\"76c41442\" data-element_type=\"column\">\n\t\t\t<div class=\"elementor-widget-wrap elementor-element-populated\">\n\t\t\t\t\t\t\t\t<div class=\"elementor-element elementor-element-2aaf7691 elementor-widget__width-initial elementor-widget elementor-widget-text-editor\" data-id=\"2aaf7691\" data-element_type=\"widget\" data-widget_type=\"text-editor.default\">\n\t\t\t\t<div class=\"elementor-widget-container\">\n\t\t\t\t\t\t\t<p><a href=\"https:\/\/memorialufc.com.br\/?page_id=112\">Linha do Tempo<\/a><\/p>\t\t\t\t\t\t<\/div>\n\t\t\t\t<\/div>\n\t\t\t\t\t<\/div>\n\t\t<\/div>\n\t\t\t\t<div class=\"elementor-column elementor-col-20 elementor-top-column elementor-element elementor-element-275d4f7e\" data-id=\"275d4f7e\" data-element_type=\"column\">\n\t\t\t<div class=\"elementor-widget-wrap elementor-element-populated\">\n\t\t\t\t\t\t\t\t<div class=\"elementor-element elementor-element-1c911133 elementor-widget__width-initial elementor-widget elementor-widget-text-editor\" data-id=\"1c911133\" data-element_type=\"widget\" data-widget_type=\"text-editor.default\">\n\t\t\t\t<div class=\"elementor-widget-container\">\n\t\t\t\t\t\t\t<p><a href=\"https:\/\/memorialufc.com.br\/?page_id=199\">Site Memorial<\/a><\/p>\t\t\t\t\t\t<\/div>\n\t\t\t\t<\/div>\n\t\t\t\t\t<\/div>\n\t\t<\/div>\n\t\t\t\t<div class=\"elementor-column elementor-col-20 elementor-top-column elementor-element elementor-element-12a7ea59\" data-id=\"12a7ea59\" data-element_type=\"column\">\n\t\t\t<div class=\"elementor-widget-wrap elementor-element-populated\">\n\t\t\t\t\t\t\t\t<div class=\"elementor-element elementor-element-73ba6b99 elementor-widget__width-initial elementor-widget elementor-widget-text-editor\" data-id=\"73ba6b99\" data-element_type=\"widget\" data-widget_type=\"text-editor.default\">\n\t\t\t\t<div class=\"elementor-widget-container\">\n\t\t\t\t\t\t\t<p><a href=\"https:\/\/www.instagram.com\/ufcinforma\/\">Instagram<\/a><\/p>\t\t\t\t\t\t<\/div>\n\t\t\t\t<\/div>\n\t\t\t\t\t<\/div>\n\t\t<\/div>\n\t\t\t\t\t\t\t<\/div>\n\t\t<\/section>\n\t\t\t\t<section class=\"elementor-section elementor-top-section elementor-element elementor-element-1f0cb17c elementor-section-boxed elementor-section-height-default elementor-section-height-default\" data-id=\"1f0cb17c\" data-element_type=\"section\" data-settings=\"{&quot;background_background&quot;:&quot;classic&quot;}\">\n\t\t\t\t\t\t<div class=\"elementor-container elementor-column-gap-default\">\n\t\t\t\t\t<div class=\"elementor-column elementor-col-100 elementor-top-column elementor-element elementor-element-2d25d456\" data-id=\"2d25d456\" data-element_type=\"column\">\n\t\t\t<div class=\"elementor-widget-wrap\">\n\t\t\t\t\t\t\t\t\t<\/div>\n\t\t<\/div>\n\t\t\t\t\t\t\t<\/div>\n\t\t<\/section>\n\t\t\t\t<section class=\"elementor-section elementor-top-section elementor-element elementor-element-a81d2a4 elementor-section-boxed elementor-section-height-default elementor-section-height-default\" data-id=\"a81d2a4\" data-element_type=\"section\">\n\t\t\t\t\t\t<div class=\"elementor-container elementor-column-gap-default\">\n\t\t\t\t\t<div class=\"elementor-column elementor-col-50 elementor-top-column elementor-element elementor-element-4a52a6e\" data-id=\"4a52a6e\" data-element_type=\"column\">\n\t\t\t<div class=\"elementor-widget-wrap elementor-element-populated\">\n\t\t\t\t\t\t\t\t<div class=\"elementor-element elementor-element-0c48ab8 elementor-widget elementor-widget-heading\" data-id=\"0c48ab8\" data-element_type=\"widget\" data-widget_type=\"heading.default\">\n\t\t\t\t<div class=\"elementor-widget-container\">\n\t\t\t<style>\/*! elementor - v3.15.0 - 20-08-2023 *\/\n.elementor-heading-title{padding:0;margin:0;line-height:1}.elementor-widget-heading .elementor-heading-title[class*=elementor-size-]>a{color:inherit;font-size:inherit;line-height:inherit}.elementor-widget-heading .elementor-heading-title.elementor-size-small{font-size:15px}.elementor-widget-heading .elementor-heading-title.elementor-size-medium{font-size:19px}.elementor-widget-heading .elementor-heading-title.elementor-size-large{font-size:29px}.elementor-widget-heading .elementor-heading-title.elementor-size-xl{font-size:39px}.elementor-widget-heading .elementor-heading-title.elementor-size-xxl{font-size:59px}<\/style><h2 class=\"elementor-heading-title elementor-size-default\">O Memorial da UFC<\/h2>\t\t<\/div>\n\t\t\t\t<\/div>\n\t\t\t\t<div class=\"elementor-element elementor-element-def5b27 elementor-widget elementor-widget-image\" data-id=\"def5b27\" data-element_type=\"widget\" data-widget_type=\"image.default\">\n\t\t\t\t<div class=\"elementor-widget-container\">\n\t\t\t\t\t\t\t\t\t\t\t\t\t\t\t<img decoding=\"async\" loading=\"lazy\" width=\"423\" height=\"362\" src=\"https:\/\/memorialufc.com.br\/wp-content\/uploads\/2023\/08\/Logo_Memorial-08-1.png\" class=\"attachment-large size-large wp-image-31\" alt=\"\" srcset=\"https:\/\/memorialufc.com.br\/wp-content\/uploads\/2023\/08\/Logo_Memorial-08-1.png 423w, https:\/\/memorialufc.com.br\/wp-content\/uploads\/2023\/08\/Logo_Memorial-08-1-300x257.png 300w\" sizes=\"(max-width: 423px) 100vw, 423px\" \/>\t\t\t\t\t\t\t\t\t\t\t\t\t\t\t<\/div>\n\t\t\t\t<\/div>\n\t\t\t\t\t<\/div>\n\t\t<\/div>\n\t\t\t\t<div class=\"elementor-column elementor-col-50 elementor-top-column elementor-element elementor-element-60db8dd\" data-id=\"60db8dd\" data-element_type=\"column\">\n\t\t\t<div class=\"elementor-widget-wrap elementor-element-populated\">\n\t\t\t\t\t\t\t\t<div class=\"elementor-element elementor-element-1ccd68b elementor-widget elementor-widget-text-editor\" data-id=\"1ccd68b\" data-element_type=\"widget\" data-widget_type=\"text-editor.default\">\n\t\t\t\t<div class=\"elementor-widget-container\">\n\t\t\t\t\t\t\t<p>O Memorial da UFC tem como objetivo realizar e promover a\u00e7\u00f5es no \u00e2mbito institucional direcionadas \u00e0 preserva\u00e7\u00e3o, produ\u00e7\u00e3o e comunica\u00e7\u00e3o da hist\u00f3ria e da mem\u00f3ria da Universidade Federal do Cear\u00e1 e da comunidade universit\u00e1ria, entendida aqui como a comunidade formada pelos grupos sociais e pelas pessoas que abrigam e constituem a UFC, assim como por aqueles que s\u00e3o impactados por essa institui\u00e7\u00e3o. Em suas atividades o Memorial desenvolve, promove e apoia pesquisas sobre a hist\u00f3ria e a mem\u00f3ria da institui\u00e7\u00e3o e da sua comunidade. Esse espa\u00e7o pretende ser uma janela para essas pesquisas, um lugar onde o p\u00fablico do Memorial possa se informar sobre as pesquisas que est\u00e3o sendo realizadas no \u00e2mbito do setor e em que estado est\u00e3o.<\/p><p>As pesquisas realizadas pelo Memorial, na maioria das vezes, s\u00e3o parte de outras a\u00e7\u00f5es, em especial a\u00e7\u00f5es voltadas \u00e0 educa\u00e7\u00e3o para o patrim\u00f4nio, gest\u00e3o documental e servi\u00e7o de refer\u00eancia. Desse modo, assim como as outras a\u00e7\u00f5es do setor, as demandas da comunidade s\u00e3o tanto uma orienta\u00e7\u00e3o como uma provoca\u00e7\u00e3o. Isso se d\u00e1 por dois motivos.<\/p><p>Em primeiro lugar, de car\u00e1ter mais pragm\u00e1tico, o setor tem um n\u00famero reduzido de servidores e recursos no geral. \u00c9 importante que as a\u00e7\u00f5es do Memorial se retroalimentem, maximizando suas potencialidades. Dessa forma, na medida em que a comunidade universit\u00e1ria &#8211; o p\u00fablico do Memorial &#8211; expressam suas demandas por conhecimento hist\u00f3rico e por lugares e ritos de mem\u00f3ria, as pesquisas realizadas pelo setor tendem a caminhar como respostas, diretas ou n\u00e3o, a essas demandas.<\/p><p>Em segundo lugar, o Memorial n\u00e3o pretende ser um espa\u00e7o de mem\u00f3ria e hist\u00f3ria oficiais. O compromisso do setor, como compreendido pelos seus servidores, n\u00e3o \u00e9 com a institui\u00e7\u00e3o em si, mas com a comunidade universit\u00e1ria e suas demandas para com a institui\u00e7\u00e3o no cumprimento de suas miss\u00f5es centrais de ensino, pesquisa e extens\u00e3o. Se, por um lado, o Memorial da UFC age como provocador da comunidade universit\u00e1ria, promovendo a constru\u00e7\u00e3o e a divulga\u00e7\u00e3o do conhecimento sobre a Universidade e sua comunidade, por outro, as a\u00e7\u00f5es do setor devem ter a comunidade universit\u00e1ria como term\u00f4metro, sua a\u00e7\u00e3o devendo se orientar e se referenciar pelas suas demandas de conhecimento, de educa\u00e7\u00e3o, de recorda\u00e7\u00e3o, de sil\u00eancio, de luto e de celebra\u00e7\u00e3o.<\/p><p>Isso implica n\u00e3o somente uma rela\u00e7\u00e3o constante de comunica\u00e7\u00e3o com a comunidade universit\u00e1ria, construindo pontes de confian\u00e7a e valoriza\u00e7\u00e3o, mas tamb\u00e9m que a pr\u00f3pria comunidade possa ativamente provocar, propor e demandar as a\u00e7\u00f5es para o setor. Esse espa\u00e7o pretende dar visibilidade a essas demandas, servindo tanto como uma resposta a elas como uma provoca\u00e7\u00e3o. O espa\u00e7o, portanto, tem como fun\u00e7\u00e3o orientar aqueles que querem conhecer a hist\u00f3ria da institui\u00e7\u00e3o e da sua comunidade n\u00e3o somente por meio de respostas, mas, ao deixar claro os seus limites, provocar a curiosidade e a vontade de construir essa hist\u00f3ria.<\/p><p>Dar esse car\u00e1ter provocativo ao espa\u00e7o implica introduzir o conflito como um dos elementos fundantes da vida universit\u00e1ria, compreendendo que a comunidade universit\u00e1ria \u00e9 composta por v\u00e1rios grupos sociais, muitas vezes em disputa e com interesses pr\u00f3prios. A institui\u00e7\u00e3o, portanto, \u00e9 um espa\u00e7o de disputas e coopera\u00e7\u00f5es, clivagens e aproxima\u00e7\u00f5es. Compreender a sua hist\u00f3ria e da sua comunidade n\u00e3o \u00e9 apagar as suas diversidades e conflitos, mas deixar claro como eles se constituem, se metamorfoseiam e se superam.<\/p><p>Cada linha de pesquisa ser\u00e1 composta por uma apresenta\u00e7\u00e3o, em que a justificativa, a metodologia e os resultados parciais ser\u00e3o expostos. Eventualmente, a partir da sua complexifica\u00e7\u00e3o com o avan\u00e7o das pesquisas, essas linhas poder\u00e3o ser fragmentadas e divididas. Os resultados das pesquisas ser\u00e3o apresentados em textos curtos que ter\u00e3o fun\u00e7\u00e3o de elencar marcos temporais e sociais de per\u00edodos e temas espec\u00edficos, orientando o pesquisador a perceber os grupos, os interesses, os debates, as disputas, as tens\u00f5es, as a\u00e7\u00f5es e os discursos que constitu\u00edam tempos hist\u00f3ricos espec\u00edficos.<\/p><p>Paralelamente a esses textos, haver\u00e1 um esfor\u00e7o de se disponibilizar ou pelo menos se referenciar fontes hist\u00f3ricas sobre os temas de pesquisa, dando-se \u00eanfase nos acervos do Memorial, mas tamb\u00e9m, quando poss\u00edvel, indicando e referenciando outros lugares de mem\u00f3ria e de guarda de acervos hist\u00f3ricos. A proposta \u00e9 dar a perceber como se constr\u00f3i o conhecimento hist\u00f3rico, permitindo \u00e0queles que ler\u00e3o os textos perceber como o conhecimento foi constru\u00eddo e facilitando \u00e0 comunidade universit\u00e1ria as ferramentas para sua avalia\u00e7\u00e3o, cr\u00edtica e reformula\u00e7\u00e3o.<\/p><p>Esse espa\u00e7o, portanto, se apresenta como um convite. Um convite para conhecer a hist\u00f3ria da Universidade e sua comunidade; um convite para se questionar os textos, as escolhas e os m\u00e9todos que os produziram e as fontes que os informaram, contribuindo para sua complexifica\u00e7\u00e3o; um convite para colaborar com o Memorial na tarefa coletiva que \u00e9 conhecer, escrever e construir a hist\u00f3ria.<\/p><p>Sejam bem-vindos!<\/p><p>\u00a0<\/p>\t\t\t\t\t\t<\/div>\n\t\t\t\t<\/div>\n\t\t\t\t\t<\/div>\n\t\t<\/div>\n\t\t\t\t\t\t\t<\/div>\n\t\t<\/section>\n\t\t\t\t<section class=\"elementor-section elementor-top-section elementor-element elementor-element-13638db elementor-section-boxed elementor-section-height-default elementor-section-height-default\" data-id=\"13638db\" data-element_type=\"section\" data-settings=\"{&quot;background_background&quot;:&quot;classic&quot;}\">\n\t\t\t\t\t\t<div class=\"elementor-container elementor-column-gap-default\">\n\t\t\t\t\t<div class=\"elementor-column elementor-col-100 elementor-top-column elementor-element elementor-element-50e0d71\" data-id=\"50e0d71\" data-element_type=\"column\">\n\t\t\t<div class=\"elementor-widget-wrap\">\n\t\t\t\t\t\t\t\t\t<\/div>\n\t\t<\/div>\n\t\t\t\t\t\t\t<\/div>\n\t\t<\/section>\n\t\t\t\t\t\t\t<\/div>\n\t\t","protected":false},"excerpt":{"rendered":"<p>Inicio Linha do Tempo Site Memorial Instagram O Memorial da UFC O Memorial da UFC tem como objetivo realizar e promover a\u00e7\u00f5es no \u00e2mbito institucional direcionadas \u00e0 preserva\u00e7\u00e3o, produ\u00e7\u00e3o e comunica\u00e7\u00e3o da hist\u00f3ria e da mem\u00f3ria da Universidade Federal do Cear\u00e1 e da comunidade universit\u00e1ria, entendida aqui como a comunidade [&hellip;]<\/p>\n","protected":false},"author":1,"featured_media":0,"parent":0,"menu_order":0,"comment_status":"closed","ping_status":"closed","template":"elementor_canvas","meta":{"om_disable_all_campaigns":false,"_monsterinsights_skip_tracking":false,"_monsterinsights_sitenote_active":false,"_monsterinsights_sitenote_note":"","_monsterinsights_sitenote_category":0,"footnotes":""},"aioseo_notices":[],"_links":{"self":[{"href":"https:\/\/memorialufc.com.br\/index.php?rest_route=\/wp\/v2\/pages\/199"}],"collection":[{"href":"https:\/\/memorialufc.com.br\/index.php?rest_route=\/wp\/v2\/pages"}],"about":[{"href":"https:\/\/memorialufc.com.br\/index.php?rest_route=\/wp\/v2\/types\/page"}],"author":[{"embeddable":true,"href":"https:\/\/memorialufc.com.br\/index.php?rest_route=\/wp\/v2\/users\/1"}],"replies":[{"embeddable":true,"href":"https:\/\/memorialufc.com.br\/index.php?rest_route=%2Fwp%2Fv2%2Fcomments&post=199"}],"version-history":[{"count":10,"href":"https:\/\/memorialufc.com.br\/index.php?rest_route=\/wp\/v2\/pages\/199\/revisions"}],"predecessor-version":[{"id":216,"href":"https:\/\/memorialufc.com.br\/index.php?rest_route=\/wp\/v2\/pages\/199\/revisions\/216"}],"wp:attachment":[{"href":"https:\/\/memorialufc.com.br\/index.php?rest_route=%2Fwp%2Fv2%2Fmedia&parent=199"}],"curies":[{"name":"wp","href":"https:\/\/api.w.org\/{rel}","templated":true}]}}